{"id":160,"date":"2016-09-17T12:13:03","date_gmt":"2016-09-17T12:13:03","guid":{"rendered":"http:\/\/asianitbd.com\/wp\/havana\/?page_id=160"},"modified":"2023-11-16T13:45:15","modified_gmt":"2023-11-16T13:45:15","slug":"empresa","status":"publish","type":"page","link":"https:\/\/www.lookcomposites.com\/?page_id=160","title":{"rendered":"Empresa"},"content":{"rendered":"<p>[vc_row][vc_column]\r\n<!--About Section-->\r\n<section class=\"about-section\">\r\n    <div class=\"auto-container\">\r\n        <div class=\"row clearfix\">\r\n            \r\n            <!--Text Column-->\r\n            <div class=\"text-column col-md-6 col-sm-12 col-xs-12\">\r\n                <!--Section Title--->\r\n                <div class=\"sec-title wow fadeInDown\" data-wow-delay=\"0ms\" data-wow-duration=\"1500ms\"><h2>Look Composites<\/h2><\/div>\r\n                \r\n                <div class=\"text\">\r\n                    <p>En Look Composites\u00ae somos fabricantes de todo tipo de piezas y elementos para construcci\u00f3n y otras aplicaciones utilizando el P.R.F.V. (Pl\u00e1stico reforzado con fibra de vidrio), tambi\u00e9n llamado GRP. Con estos materiales podemos fabricar piezas a medida donde el \u00fanico l\u00edmite es la imaginaci\u00f3n de quien las dise\u00f1a.<br \/>\n<\/p>\r\n                    <p>Look Composites\u00ae es una marca de la empresa Miraplas, con m\u00e1s de 40 a\u00f1os de experiencia en el sector del PRFV.<\/p>\r\n                <\/div>\r\n                \r\n                <a href=\"http:\/\/www.lookcomposites.com\/proyectos\/\" class=\"theme-btn btn-style-two lined-btn-right\">PROYECTOS<\/a>\r\n            <\/div>\r\n            \r\n            \r\n            <!--Image Column-->\r\n            <div class=\"image-column col-md-6 col-sm-12 col-xs-12\">\r\n                <div class=\"inner-box wow fadeInRight\" data-wow-delay=\"0ms\" data-wow-duration=\"1500ms\">\r\n                    <div class=\"hanged-text\"><h5>EMPRESA<\/h5><\/div>\r\n                    <figure class=\"image-box\"><a href=\"https:\/\/i2.wp.com\/www.lookcomposites.com\/wp-content\/uploads\/2016\/09\/1web.jpg?ssl=1\" class=\"lightbox-image\" title=\"\"><img decoding=\"async\" src=\"https:\/\/i2.wp.com\/www.lookcomposites.com\/wp-content\/uploads\/2016\/09\/1web.jpg?ssl=1\" alt=\"\" data-recalc-dims=\"1\"><\/a><\/figure>\r\n                <\/div>\r\n            <\/div>\r\n        \r\n        <\/div>\r\n    <\/div>\r\n<\/section>\r\n\r\n[\/vc_column][\/vc_row][vc_row][vc_column]\n<!--Fluid Section One-->\n<section class=\"fluid-section-one\">\n    <div class=\"outer-box clearfix\">\n        \n        <!--Text Column-->\n        <div class=\"text-column clearfix\">\n            <div class=\"inner-box wow fadeInLeft\" data-wow-delay=\"0ms\" data-wow-duration=\"1500ms\">\n                <!--Section Title--->\n                <div class=\"sec-title\"><h2>SERVICIOS<\/h2><\/div>\n                \n                <div class=\"text\">\n                    <p>- Asesoramiento en dise\u00f1o.<br \/>\n- Adaptaci\u00f3n de dise\u00f1os a m\u00e9todos de transformaci\u00f3n.<br \/>\n- Dise\u00f1o y fabricaci\u00f3n de prototipos.<br \/>\n- Fabricaci\u00f3n de modelos y moldes.<br \/>\n- Industrializaci\u00f3n de la producci\u00f3n.<br \/>\n- Acabado de piezas.<br \/>\n- Direcci\u00f3n de montaje. <\/p>\n                <\/div>\n                \n                <a href=\"http:\/\/www.lookcomposites.com\/contacto\/\" class=\"theme-btn btn-style-three lined-btn-right\">CONTACTAR<\/a>\n            <\/div>\n        <\/div>\n        \n        <!--Image Column-->\n        <div class=\"image-column\" style=\"background-image:url('https:\/\/www.lookcomposites.com\/wp-content\/uploads\/2018\/12\/xx-1.png');\"><\/div>\n        <!--Rotated Layer-->\n        \n        <div class=\"\"><\/div>\n    <\/div>\n<\/section>\n\n[\/vc_column][\/vc_row][vc_row][vc_column]\r\n<!--About Style Two-->\r\n<section class=\"about-style-two extra-padding\">\r\n    <div class=\"auto-container\">\r\n        <div class=\"row clearfix\">\r\n            \r\n            <!--Text Column-->\r\n            <div class=\"text-column col-md-6 col-sm-12 col-xs-12\">\r\n                \r\n                <h2>LOOK COMPOSITES EN ARQUITECTURA<\/h2>\r\n                \r\n                <div class=\"text\">\r\n                    <p>Junto con la llegada de la arquitectura contempor\u00e1nea se produce un cambio en el concepto relacionado con el exterior de un edificio: \u00e9ste deja de ser un elemento pesado y estructural para transformarse en un envolvente ligero, con formas org\u00e1nicas.<\/p>\r\n                    <p>Superficies que imitan cualquier textura natural con una extensa gama de colores, una piel no absorbente y de f\u00e1cil conservaci\u00f3n, de geometr\u00edas caprichosas que coquetean con el entorno, capaces de proteger su interior y que act\u00faan como filtro de sol o de viento, mejorando las condiciones t\u00e9rmicas del interior.<\/p>\n<p>La arquitectura busca la piel id\u00f3nea para un cuerpo cada vez m\u00e1s din\u00e1mico y exigente, dando una imagen m\u00e1s vanguardista, moderna y multicolor a trav\u00e9s de las coberturas de los edificios. <\/p>\r\n                <\/div>\r\n                \r\n                <a href=\"http:\/\/www.lookcomposites.com\/noticias\/\" class=\"theme-btn btn-style-three lined-btn-right\">NOTICIAS<\/a>\r\n            <\/div>\r\n            \r\n            \r\n            <!--Image Column-->\r\n            <div class=\"image-column col-md-6 col-sm-12 col-xs-12\">\r\n                <div class=\"inner-box\">\r\n                    <figure class=\"image-box\"><a href=\"https:\/\/i2.wp.com\/www.lookcomposites.com\/wp-content\/uploads\/2016\/12\/img-proyec04-1.jpg?ssl=1\" class=\"lightbox-image\" title=\"\"><img decoding=\"async\" src=\"https:\/\/i2.wp.com\/www.lookcomposites.com\/wp-content\/uploads\/2016\/12\/img-proyec04-1.jpg?ssl=1\" alt=\"\" data-recalc-dims=\"1\"><\/a><\/figure>\r\n                <\/div>\r\n            <\/div>\r\n        \r\n        <\/div>\r\n    <\/div>\r\n<\/section>\r\n\r\n[\/vc_column][\/vc_row][vc_row][vc_column]\n<!--Parallax Style One-->\n<section class=\"parallax-style-one\" style=\"background-image:url('https:\/\/www.lookcomposites.com\/wp-content\/uploads\/2016\/12\/img-proyec02-1.jpg');\">\n    <div class=\"auto-container\">\n        <h2>LO ESENCIAL ES TENER EL CORAJE DE ARRIESGAR Y DESARROLLAR NUEVAS IDEAS - ZAHA HADID<\/h2>\n        <a href=\"http:\/\/www.lookcomposites.com\/contacto\/\" class=\"theme-btn btn-style-one\">CONTACTAR<\/a> <a href=\"http:\/\/www.lookcomposites.com\/proyectos\/\" class=\"theme-btn btn-style-three\">PROYECTOS<\/a>\n    <\/div>\n<\/section>\n\n[\/vc_column][\/vc_row]<\/p>\n","protected":false},"excerpt":{"rendered":"<p>[vc_row][vc_column][\/vc_column][\/vc_row][vc_row][vc_column][\/vc_column][\/vc_row][vc_row][vc_column][\/vc_column][\/vc_row][vc_row][vc_column][\/vc_column][\/vc_row]<\/p>\n","protected":false},"author":1,"featured_media":0,"parent":0,"menu_order":0,"comment_status":"closed","ping_status":"closed","template":"tpl-visual_composer.php","meta":{"spay_email":"","footnotes":""},"class_list":["post-160","page","type-page","status-publish","hentry"],"jetpack_sharing_enabled":true,"jetpack_shortlink":"https:\/\/wp.me\/Pa0lgb-2A","jetpack-related-posts":[{"id":7,"url":"https:\/\/www.lookcomposites.com\/","url_meta":{"origin":160,"position":0},"title":"Inicio","date":"23 agosto, 2016","format":false,"excerpt":"[vc_row container=\"1\" el_class=\"main-slider\"][vc_column][vc_column_text][\/vc_column_text][\/vc_column][\/vc_row][vc_row][vc_column][\/vc_column][\/vc_row][vc_row][vc_column][\/vc_column][\/vc_row][vc_row][vc_column][\/vc_column][\/vc_row][vc_row][vc_column][\/vc_column][\/vc_row][vc_row][vc_column][\/vc_column][\/vc_row][vc_row][vc_column][\/vc_column][\/vc_row]","rel":"","context":"Entrada similar","img":{"alt_text":"","src":"","width":0,"height":0},"classes":[]},{"id":184,"url":"https:\/\/www.lookcomposites.com\/?page_id=184","url_meta":{"origin":160,"position":1},"title":"Materiales","date":"17 septiembre, 2016","format":false,"excerpt":"[vc_row][vc_column][vc_row_inner css=\".vc_custom_1483032961843{margin-left: 30px !important;}\"][vc_column_inner width=\"1\/2\"][\/vc_column_inner][\/vc_row_inner][\/vc_column][vc_column][\/vc_column][vc_column][\/vc_column][\/vc_row][vc_row][vc_column][\/vc_column][\/vc_row][vc_row][vc_column][\/vc_column][\/vc_row]","rel":"","context":"Entrada similar","img":{"alt_text":"","src":"","width":0,"height":0},"classes":[]},{"id":223,"url":"https:\/\/www.lookcomposites.com\/?page_id=223","url_meta":{"origin":160,"position":2},"title":"Contacto","date":"18 septiembre, 2016","format":false,"excerpt":"[vc_row container=\"1\" el_class=\"contact-style-two contact-style\"][vc_column][\/vc_column][\/vc_row]","rel":"","context":"Entrada similar","img":{"alt_text":"","src":"","width":0,"height":0},"classes":[]},{"id":214,"url":"https:\/\/www.lookcomposites.com\/?page_id=214","url_meta":{"origin":160,"position":3},"title":"Proyectos","date":"18 septiembre, 2016","format":false,"excerpt":"[vc_row][vc_column][\/vc_column][\/vc_row]","rel":"","context":"Entrada similar","img":{"alt_text":"","src":"","width":0,"height":0},"classes":[]},{"id":196,"url":"https:\/\/www.lookcomposites.com\/?page_id=196","url_meta":{"origin":160,"position":4},"title":"Services Style 2","date":"17 septiembre, 2016","format":false,"excerpt":"[vc_row][vc_column][\/vc_column][\/vc_row][vc_row][vc_column][\/vc_column][\/vc_row][vc_row][vc_column][\/vc_column][\/vc_row][vc_row][vc_column][\/vc_column][\/vc_row][vc_row][vc_column][\/vc_column][\/vc_row][vc_row][vc_column][\/vc_column][\/vc_row][vc_row][vc_column][\/vc_column][\/vc_row]","rel":"","context":"Entrada similar","img":{"alt_text":"","src":"","width":0,"height":0},"classes":[]},{"id":116,"url":"https:\/\/www.lookcomposites.com\/?page_id=116","url_meta":{"origin":160,"position":5},"title":"Homepage Three","date":"16 septiembre, 2016","format":false,"excerpt":"[vc_row container=\"1\" el_class=\"main-slider\"][vc_column][\/vc_column][\/vc_row][vc_row][vc_column][\/vc_column][\/vc_row][vc_row][vc_column][\/vc_column][\/vc_row][vc_row][vc_column][\/vc_column][\/vc_row][vc_row][vc_column][\/vc_column][\/vc_row][vc_row][vc_column][\/vc_column][\/vc_row][vc_row][vc_column][\/vc_column][\/vc_row][vc_row][vc_column][\/vc_column][\/vc_row][vc_row][vc_column][\/vc_column][\/vc_row][vc_row][vc_column][\/vc_column][\/vc_row]","rel":"","context":"Entrada similar","img":{"alt_text":"","src":"","width":0,"height":0},"classes":[]}],"_links":{"self":[{"href":"https:\/\/www.lookcomposites.com\/index.php?rest_route=\/wp\/v2\/pages\/160","targetHints":{"allow":["GET"]}}],"collection":[{"href":"https:\/\/www.lookcomposites.com\/index.php?rest_route=\/wp\/v2\/pages"}],"about":[{"href":"https:\/\/www.lookcomposites.com\/index.php?rest_route=\/wp\/v2\/types\/page"}],"author":[{"embeddable":true,"href":"https:\/\/www.lookcomposites.com\/index.php?rest_route=\/wp\/v2\/users\/1"}],"replies":[{"embeddable":true,"href":"https:\/\/www.lookcomposites.com\/index.php?rest_route=%2Fwp%2Fv2%2Fcomments&post=160"}],"version-history":[{"count":37,"href":"https:\/\/www.lookcomposites.com\/index.php?rest_route=\/wp\/v2\/pages\/160\/revisions"}],"predecessor-version":[{"id":1233,"href":"https:\/\/www.lookcomposites.com\/index.php?rest_route=\/wp\/v2\/pages\/160\/revisions\/1233"}],"wp:attachment":[{"href":"https:\/\/www.lookcomposites.com\/index.php?rest_route=%2Fwp%2Fv2%2Fmedia&parent=160"}],"curies":[{"name":"wp","href":"https:\/\/api.w.org\/{rel}","templated":true}]}}